{"id":1817,"date":"2024-07-04T18:23:00","date_gmt":"2024-07-04T16:23:00","guid":{"rendered":"https:\/\/www.new-tone.com\/maqueta-movil-y-telescopica-de-viviendas-y-comercios-en-paris\/"},"modified":"2024-09-19T13:06:49","modified_gmt":"2024-09-19T11:06:49","slug":"viviendas-paris-bac-raspail","status":"publish","type":"page","link":"https:\/\/www.new-tone.com\/es\/maqueta-arquitectura\/maquetas-comercios\/viviendas-paris-bac-raspail\/","title":{"rendered":"Maqueta m\u00f3vil y telesc\u00f3pica de viviendas y comercios en Par\u00eds"},"content":{"rendered":"","protected":false},"excerpt":{"rendered":"","protected":false},"author":1,"featured_media":0,"parent":1967,"menu_order":0,"comment_status":"closed","ping_status":"closed","template":"","meta":{"footnotes":""},"class_list":["post-1817","page","type-page","status-publish","hentry"],"_links":{"self":[{"href":"https:\/\/www.new-tone.com\/es\/wp-json\/wp\/v2\/pages\/1817","targetHints":{"allow":["GET"]}}],"collection":[{"href":"https:\/\/www.new-tone.com\/es\/wp-json\/wp\/v2\/pages"}],"about":[{"href":"https:\/\/www.new-tone.com\/es\/wp-json\/wp\/v2\/types\/page"}],"author":[{"embeddable":true,"href":"https:\/\/www.new-tone.com\/es\/wp-json\/wp\/v2\/users\/1"}],"replies":[{"embeddable":true,"href":"https:\/\/www.new-tone.com\/es\/wp-json\/wp\/v2\/comments?post=1817"}],"version-history":[{"count":0,"href":"https:\/\/www.new-tone.com\/es\/wp-json\/wp\/v2\/pages\/1817\/revisions"}],"up":[{"embeddable":true,"href":"https:\/\/www.new-tone.com\/es\/wp-json\/wp\/v2\/pages\/1967"}],"wp:attachment":[{"href":"https:\/\/www.new-tone.com\/es\/wp-json\/wp\/v2\/media?parent=1817"}],"curies":[{"name":"wp","href":"https:\/\/api.w.org\/{rel}","templated":true}]}}